{"id":19,"date":"2025-03-05T17:21:37","date_gmt":"2025-03-05T17:21:37","guid":{"rendered":"https:\/\/glsgernika.rkinformatika.online\/?page_id=19"},"modified":"2025-03-19T10:08:52","modified_gmt":"2025-03-19T10:08:52","slug":"inicio","status":"publish","type":"page","link":"https:\/\/glsgernika.es\/eu\/","title":{"rendered":"Hasiera"},"content":{"rendered":"<div data-elementor-type=\"wp-post\" data-elementor-id=\"19\" class=\"elementor elementor-19\" data-elementor-post-type=\"page\">\n\t\t\t\t<div class=\"elementor-element elementor-element-c4f7c2b e-flex e-con-boxed e-con e-parent\" data-id=\"c4f7c2b\" data-element_type=\"container\" data-e-type=\"container\" data-settings=\"{&quot;background_background&quot;:&quot;classic&quot;}\">\n\t\t\t\t\t<div class=\"e-con-inner\">\n\t\t\t\t\t<\/div>\n\t\t\t\t<\/div>\n\t\t<div class=\"elementor-element elementor-element-b3847c5 e-flex e-con-boxed e-con e-parent\" data-id=\"b3847c5\" data-element_type=\"container\" data-e-type=\"container\">\n\t\t\t\t\t<div class=\"e-con-inner\">\n\t\t\t\t<div class=\"elementor-element elementor-element-ffa7fae elementor-widget elementor-widget-spacer\" data-id=\"ffa7fae\" data-element_type=\"widget\" data-e-type=\"widget\" data-widget_type=\"spacer.default\">\n\t\t\t\t<div class=\"elementor-widget-container\">\n\t\t\t\t\t\t\t<div class=\"elementor-spacer\">\n\t\t\t<div class=\"elementor-spacer-inner\"><\/div>\n\t\t<\/div>\n\t\t\t\t\t\t<\/div>\n\t\t\t\t<\/div>\n\t\t\t\t\t<\/div>\n\t\t\t\t<\/div>\n\t\t<div class=\"elementor-element elementor-element-b1f7caa e-flex e-con-boxed e-con e-parent\" data-id=\"b1f7caa\" data-element_type=\"container\" data-e-type=\"container\">\n\t\t\t\t\t<div class=\"e-con-inner\">\n\t\t\t\t<div class=\"elementor-element elementor-element-b03a49b elementor-widget elementor-widget-heading\" data-id=\"b03a49b\" data-element_type=\"widget\" data-e-type=\"widget\" data-widget_type=\"heading.default\">\n\t\t\t\t<div class=\"elementor-widget-container\">\n\t\t\t\t\t<h2 class=\"elementor-heading-title elementor-size-default\">Guri buruz<\/h2>\t\t\t\t<\/div>\n\t\t\t\t<\/div>\n\t\t\t\t\t<\/div>\n\t\t\t\t<\/div>\n\t\t<div class=\"elementor-element elementor-element-40dc322 e-flex e-con-boxed e-con e-parent\" data-id=\"40dc322\" data-element_type=\"container\" data-e-type=\"container\">\n\t\t\t\t\t<div class=\"e-con-inner\">\n\t\t\t\t<div class=\"elementor-element elementor-element-f2f6a91 elementor-widget elementor-widget-spacer\" data-id=\"f2f6a91\" data-element_type=\"widget\" data-e-type=\"widget\" data-widget_type=\"spacer.default\">\n\t\t\t\t<div class=\"elementor-widget-container\">\n\t\t\t\t\t\t\t<div class=\"elementor-spacer\">\n\t\t\t<div class=\"elementor-spacer-inner\"><\/div>\n\t\t<\/div>\n\t\t\t\t\t\t<\/div>\n\t\t\t\t<\/div>\n\t\t\t\t\t<\/div>\n\t\t\t\t<\/div>\n\t\t<div class=\"elementor-element elementor-element-a0dbd8e e-flex e-con-boxed e-con e-parent\" data-id=\"a0dbd8e\" data-element_type=\"container\" data-e-type=\"container\" data-settings=\"{&quot;background_background&quot;:&quot;classic&quot;}\">\n\t\t\t\t\t<div class=\"e-con-inner\">\n\t\t<div class=\"elementor-element elementor-element-f3732be e-con-full e-flex e-con e-child\" data-id=\"f3732be\" data-element_type=\"container\" data-e-type=\"container\" data-settings=\"{&quot;background_background&quot;:&quot;classic&quot;}\">\n\t\t\t\t<\/div>\n\t\t<div class=\"elementor-element elementor-element-caed637 e-con-full e-flex e-con e-child\" data-id=\"caed637\" data-element_type=\"container\" data-e-type=\"container\">\n\t\t\t\t<div class=\"elementor-element elementor-element-56c42f9 elementor-widget elementor-widget-text-editor\" data-id=\"56c42f9\" data-element_type=\"widget\" data-e-type=\"widget\" data-widget_type=\"text-editor.default\">\n\t\t\t\t<div class=\"elementor-widget-container\">\n\t\t\t\t\t\t\t\t\t<p class=\"text-xl font-bold text-text-200 mt-1 -mb-0.5\"><span style=\"color: #332953;\"><strong>Ongi etorri GLS Gernikara<\/strong><\/span><\/p><p class=\"whitespace-pre-wrap break-words\"><span style=\"color: #332953;\">Duela 11 urtetik hona, GLS Gernika konfiantzazko aliatua izan da Urdaibaiko eskualdean bidalketak egiteko. Gernika-Lumoko (Bizkaia) bihotzean kokatuta, erreferentziazko mezularitza agentzia gisa finkatu gara, eta soluzio eraginkorrak eta pertsonalizatuak eskaini ditugu bidalketa behar guztietarako.<\/span><\/p><p class=\"text-xl font-bold text-text-200 mt-1 -mb-0.5\"><span style=\"color: #332953;\"><strong>Zergatik aukeratu GLS Gernika?<\/strong><\/span><\/p><p><span style=\"color: #332953;\"><strong>Tokiko esperientzia<\/strong>: 11 urte gure komunitatearen kale eta behar bakoitza ezagutzen.<\/span><\/p><p><span style=\"color: #332953;\"><strong>Arreta pertsonalizatua<\/strong>: Bidalketa bakoitza garrantzitsua dela uste dugu. Horregatik, gure zerbitzuak haien behar espezifikoetara egokitzen ditugu.<\/span><\/p><p><span style=\"color: #332953;\"><strong>Irtenbide profesionalak<\/strong>: GLS nazioarteko sareak babestuta, tokiko negozio baten hurbiltasuna eta marka global baten fidagarritasuna konbinatzen ditugu.<\/span><\/p><p><span style=\"color: #332953;\"><strong>Puntualtasunarekiko konpromisoa<\/strong>: Haien denbora baloratzen dugu, eta ziurtatzen dugu haien bidalketak beti adostutako epean iritsiko direla helmugara.<\/span><\/p><p class=\"whitespace-pre-wrap break-words\"><span style=\"color: #332953;\">Konfiantza izan GLS Gernikan zure bidalketa guztietarako. Paketeak garraiatu baino gehiago, pertsonak konektatzen ditugulako.<\/span><\/p>\t\t\t\t\t\t\t\t<\/div>\n\t\t\t\t<\/div>\n\t\t\t\t<\/div>\n\t\t\t\t\t<\/div>\n\t\t\t\t<\/div>\n\t\t<div class=\"elementor-element elementor-element-eb92256 e-flex e-con-boxed e-con e-parent\" data-id=\"eb92256\" data-element_type=\"container\" data-e-type=\"container\">\n\t\t\t\t\t<div class=\"e-con-inner\">\n\t\t\t\t<div class=\"elementor-element elementor-element-a8ff1fc elementor-widget elementor-widget-spacer\" data-id=\"a8ff1fc\" data-element_type=\"widget\" data-e-type=\"widget\" data-widget_type=\"spacer.default\">\n\t\t\t\t<div class=\"elementor-widget-container\">\n\t\t\t\t\t\t\t<div class=\"elementor-spacer\">\n\t\t\t<div class=\"elementor-spacer-inner\"><\/div>\n\t\t<\/div>\n\t\t\t\t\t\t<\/div>\n\t\t\t\t<\/div>\n\t\t\t\t\t<\/div>\n\t\t\t\t<\/div>\n\t\t<div class=\"elementor-element elementor-element-60a7bca e-con-full e-flex e-con e-parent\" data-id=\"60a7bca\" data-element_type=\"container\" data-e-type=\"container\">\n\t\t<div class=\"elementor-element elementor-element-5eafcc4 e-con-full e-flex e-con e-child\" data-id=\"5eafcc4\" data-element_type=\"container\" data-e-type=\"container\">\n\t\t\t\t<div class=\"elementor-element elementor-element-796f4b9 elementor-widget elementor-widget-image\" data-id=\"796f4b9\" data-element_type=\"widget\" data-e-type=\"widget\" data-widget_type=\"image.default\">\n\t\t\t\t<div class=\"elementor-widget-container\">\n\t\t\t\t\t\t\t\t\t\t\t\t\t\t\t<img fetchpriority=\"high\" decoding=\"async\" width=\"680\" height=\"680\" src=\"https:\/\/glsgernika.es\/wp-content\/uploads\/2025\/03\/3imagens.jpeg\" class=\"attachment-large size-large wp-image-858\" alt=\"\" srcset=\"https:\/\/glsgernika.es\/wp-content\/uploads\/2025\/03\/3imagens.jpeg 680w, https:\/\/glsgernika.es\/wp-content\/uploads\/2025\/03\/3imagens-300x300.jpeg 300w, https:\/\/glsgernika.es\/wp-content\/uploads\/2025\/03\/3imagens-150x150.jpeg 150w, https:\/\/glsgernika.es\/wp-content\/uploads\/2025\/03\/3imagens-12x12.jpeg 12w\" sizes=\"(max-width: 680px) 100vw, 680px\" \/>\t\t\t\t\t\t\t\t\t\t\t\t\t\t\t<\/div>\n\t\t\t\t<\/div>\n\t\t\t\t<\/div>\n\t\t<div class=\"elementor-element elementor-element-640e0bb e-con-full e-flex e-con e-child\" data-id=\"640e0bb\" data-element_type=\"container\" data-e-type=\"container\">\n\t\t\t\t<div class=\"elementor-element elementor-element-5463557 elementor-widget elementor-widget-image\" data-id=\"5463557\" data-element_type=\"widget\" data-e-type=\"widget\" data-widget_type=\"image.default\">\n\t\t\t\t<div class=\"elementor-widget-container\">\n\t\t\t\t\t\t\t\t\t\t\t\t\t\t\t<img decoding=\"async\" width=\"680\" height=\"680\" src=\"https:\/\/glsgernika.es\/wp-content\/uploads\/2025\/03\/2imagens.jpeg\" class=\"attachment-large size-large wp-image-857\" alt=\"\" srcset=\"https:\/\/glsgernika.es\/wp-content\/uploads\/2025\/03\/2imagens.jpeg 680w, https:\/\/glsgernika.es\/wp-content\/uploads\/2025\/03\/2imagens-300x300.jpeg 300w, https:\/\/glsgernika.es\/wp-content\/uploads\/2025\/03\/2imagens-150x150.jpeg 150w, https:\/\/glsgernika.es\/wp-content\/uploads\/2025\/03\/2imagens-12x12.jpeg 12w\" sizes=\"(max-width: 680px) 100vw, 680px\" \/>\t\t\t\t\t\t\t\t\t\t\t\t\t\t\t<\/div>\n\t\t\t\t<\/div>\n\t\t\t\t<\/div>\n\t\t<div class=\"elementor-element elementor-element-a6669ec e-con-full e-flex e-con e-child\" data-id=\"a6669ec\" data-element_type=\"container\" data-e-type=\"container\">\n\t\t\t\t<div class=\"elementor-element elementor-element-834dfd7 elementor-widget elementor-widget-image\" data-id=\"834dfd7\" data-element_type=\"widget\" data-e-type=\"widget\" data-widget_type=\"image.default\">\n\t\t\t\t<div class=\"elementor-widget-container\">\n\t\t\t\t\t\t\t\t\t\t\t\t\t\t\t<img decoding=\"async\" width=\"800\" height=\"800\" src=\"https:\/\/glsgernika.es\/wp-content\/uploads\/2025\/03\/1imagens-1024x1024.jpg\" class=\"attachment-large size-large wp-image-856\" alt=\"\" srcset=\"https:\/\/glsgernika.es\/wp-content\/uploads\/2025\/03\/1imagens-1024x1024.jpg 1024w, https:\/\/glsgernika.es\/wp-content\/uploads\/2025\/03\/1imagens-300x300.jpg 300w, https:\/\/glsgernika.es\/wp-content\/uploads\/2025\/03\/1imagens-150x150.jpg 150w, https:\/\/glsgernika.es\/wp-content\/uploads\/2025\/03\/1imagens-768x768.jpg 768w, https:\/\/glsgernika.es\/wp-content\/uploads\/2025\/03\/1imagens-12x12.jpg 12w, https:\/\/glsgernika.es\/wp-content\/uploads\/2025\/03\/1imagens.jpg 1500w\" sizes=\"(max-width: 800px) 100vw, 800px\" \/>\t\t\t\t\t\t\t\t\t\t\t\t\t\t\t<\/div>\n\t\t\t\t<\/div>\n\t\t\t\t<\/div>\n\t\t\t\t<\/div>\n\t\t\t\t<\/div>","protected":false},"excerpt":{"rendered":"<p>Sobre nosotros Bienvenidos a GLS Gernika Desde hace 11 a\u00f1os, GLS Gernika ha sido el aliado de confianza para los env\u00edos en la comarca de Urdaibai. Ubicados en el coraz\u00f3n de Gernika-Lumo, Bizkaia, nos hemos consolidado como la agencia de mensajer\u00eda de referencia, ofreciendo soluciones eficientes y personalizadas para todas sus necesidades de env\u00edo. \u00bfPor [&hellip;]<\/p>\n","protected":false},"author":1,"featured_media":0,"parent":0,"menu_order":0,"comment_status":"closed","ping_status":"closed","template":"elementor_canvas","meta":{"footnotes":""},"class_list":["post-19","page","type-page","status-publish","hentry"],"yoast_head":"<!-- This site is optimized with the Yoast SEO plugin v27.3 - https:\/\/yoast.com\/product\/yoast-seo-wordpress\/ -->\n<title>Inicio - GLS GERNIKA<\/title>\n<meta name=\"robots\" content=\"index, follow, max-snippet:-1, max-image-preview:large, max-video-preview:-1\" \/>\n<link rel=\"canonical\" href=\"https:\/\/glsgernika.es\/eu\/\" \/>\n<meta property=\"og:locale\" content=\"en_US\" \/>\n<meta property=\"og:type\" content=\"article\" \/>\n<meta property=\"og:title\" content=\"Inicio - GLS GERNIKA\" \/>\n<meta property=\"og:description\" content=\"Sobre nosotros Bienvenidos a GLS Gernika Desde hace 11 a\u00f1os, GLS Gernika ha sido el aliado de confianza para los env\u00edos en la comarca de Urdaibai. Ubicados en el coraz\u00f3n de Gernika-Lumo, Bizkaia, nos hemos consolidado como la agencia de mensajer\u00eda de referencia, ofreciendo soluciones eficientes y personalizadas para todas sus necesidades de env\u00edo. \u00bfPor [&hellip;]\" \/>\n<meta property=\"og:url\" content=\"https:\/\/glsgernika.es\/eu\/\" \/>\n<meta property=\"og:site_name\" content=\"GLS GERNIKA\" \/>\n<meta property=\"article:modified_time\" content=\"2025-03-19T10:08:52+00:00\" \/>\n<meta property=\"og:image\" content=\"https:\/\/glsgernika.es\/wp-content\/uploads\/2025\/03\/3imagens.jpeg\" \/>\n<meta name=\"twitter:card\" content=\"summary_large_image\" \/>\n<meta name=\"twitter:label1\" content=\"Est. reading time\" \/>\n\t<meta name=\"twitter:data1\" content=\"2 minutua\" \/>\n<script type=\"application\/ld+json\" class=\"yoast-schema-graph\">{\"@context\":\"https:\\\/\\\/schema.org\",\"@graph\":[{\"@type\":\"WebPage\",\"@id\":\"https:\\\/\\\/glsgernika.es\\\/\",\"url\":\"https:\\\/\\\/glsgernika.es\\\/\",\"name\":\"Inicio - GLS GERNIKA\",\"isPartOf\":{\"@id\":\"https:\\\/\\\/glsgernika.es\\\/#website\"},\"primaryImageOfPage\":{\"@id\":\"https:\\\/\\\/glsgernika.es\\\/#primaryimage\"},\"image\":{\"@id\":\"https:\\\/\\\/glsgernika.es\\\/#primaryimage\"},\"thumbnailUrl\":\"https:\\\/\\\/glsgernika.es\\\/wp-content\\\/uploads\\\/2025\\\/03\\\/3imagens.jpeg\",\"datePublished\":\"2025-03-05T17:21:37+00:00\",\"dateModified\":\"2025-03-19T10:08:52+00:00\",\"breadcrumb\":{\"@id\":\"https:\\\/\\\/glsgernika.es\\\/#breadcrumb\"},\"inLanguage\":\"eu\",\"potentialAction\":[{\"@type\":\"ReadAction\",\"target\":[\"https:\\\/\\\/glsgernika.es\\\/\"]}]},{\"@type\":\"ImageObject\",\"inLanguage\":\"eu\",\"@id\":\"https:\\\/\\\/glsgernika.es\\\/#primaryimage\",\"url\":\"https:\\\/\\\/glsgernika.es\\\/wp-content\\\/uploads\\\/2025\\\/03\\\/3imagens.jpeg\",\"contentUrl\":\"https:\\\/\\\/glsgernika.es\\\/wp-content\\\/uploads\\\/2025\\\/03\\\/3imagens.jpeg\"},{\"@type\":\"BreadcrumbList\",\"@id\":\"https:\\\/\\\/glsgernika.es\\\/#breadcrumb\",\"itemListElement\":[{\"@type\":\"ListItem\",\"position\":1,\"name\":\"Portada\",\"item\":\"https:\\\/\\\/glsgernika.es\\\/\"},{\"@type\":\"ListItem\",\"position\":2,\"name\":\"Inicio\"}]},{\"@type\":\"WebSite\",\"@id\":\"https:\\\/\\\/glsgernika.es\\\/#website\",\"url\":\"https:\\\/\\\/glsgernika.es\\\/\",\"name\":\"GLS GERNIKA\",\"description\":\"Empresa de mensajer\u00eda a nivel nacional y europeo.\",\"publisher\":{\"@id\":\"https:\\\/\\\/glsgernika.es\\\/#organization\"},\"potentialAction\":[{\"@type\":\"SearchAction\",\"target\":{\"@type\":\"EntryPoint\",\"urlTemplate\":\"https:\\\/\\\/glsgernika.es\\\/?s={search_term_string}\"},\"query-input\":{\"@type\":\"PropertyValueSpecification\",\"valueRequired\":true,\"valueName\":\"search_term_string\"}}],\"inLanguage\":\"eu\"},{\"@type\":\"Organization\",\"@id\":\"https:\\\/\\\/glsgernika.es\\\/#organization\",\"name\":\"GLS GERNIKA\",\"url\":\"https:\\\/\\\/glsgernika.es\\\/\",\"logo\":{\"@type\":\"ImageObject\",\"inLanguage\":\"eu\",\"@id\":\"https:\\\/\\\/glsgernika.es\\\/#\\\/schema\\\/logo\\\/image\\\/\",\"url\":\"https:\\\/\\\/glsgernika.es\\\/wp-content\\\/uploads\\\/2025\\\/03\\\/cropped-00-GLS_Logo_2021-03.png\",\"contentUrl\":\"https:\\\/\\\/glsgernika.es\\\/wp-content\\\/uploads\\\/2025\\\/03\\\/cropped-00-GLS_Logo_2021-03.png\",\"width\":2560,\"height\":898,\"caption\":\"GLS GERNIKA\"},\"image\":{\"@id\":\"https:\\\/\\\/glsgernika.es\\\/#\\\/schema\\\/logo\\\/image\\\/\"}}]}<\/script>\n<!-- \/ Yoast SEO plugin. -->","yoast_head_json":{"title":"Inicio - GLS GERNIKA","robots":{"index":"index","follow":"follow","max-snippet":"max-snippet:-1","max-image-preview":"max-image-preview:large","max-video-preview":"max-video-preview:-1"},"canonical":"https:\/\/glsgernika.es\/eu\/","og_locale":"en_US","og_type":"article","og_title":"Inicio - GLS GERNIKA","og_description":"Sobre nosotros Bienvenidos a GLS Gernika Desde hace 11 a\u00f1os, GLS Gernika ha sido el aliado de confianza para los env\u00edos en la comarca de Urdaibai. Ubicados en el coraz\u00f3n de Gernika-Lumo, Bizkaia, nos hemos consolidado como la agencia de mensajer\u00eda de referencia, ofreciendo soluciones eficientes y personalizadas para todas sus necesidades de env\u00edo. \u00bfPor [&hellip;]","og_url":"https:\/\/glsgernika.es\/eu\/","og_site_name":"GLS GERNIKA","article_modified_time":"2025-03-19T10:08:52+00:00","og_image":[{"url":"https:\/\/glsgernika.es\/wp-content\/uploads\/2025\/03\/3imagens.jpeg","type":"","width":"","height":""}],"twitter_card":"summary_large_image","twitter_misc":{"Est. reading time":"2 minutua"},"schema":{"@context":"https:\/\/schema.org","@graph":[{"@type":"WebPage","@id":"https:\/\/glsgernika.es\/","url":"https:\/\/glsgernika.es\/","name":"Inicio - GLS GERNIKA","isPartOf":{"@id":"https:\/\/glsgernika.es\/#website"},"primaryImageOfPage":{"@id":"https:\/\/glsgernika.es\/#primaryimage"},"image":{"@id":"https:\/\/glsgernika.es\/#primaryimage"},"thumbnailUrl":"https:\/\/glsgernika.es\/wp-content\/uploads\/2025\/03\/3imagens.jpeg","datePublished":"2025-03-05T17:21:37+00:00","dateModified":"2025-03-19T10:08:52+00:00","breadcrumb":{"@id":"https:\/\/glsgernika.es\/#breadcrumb"},"inLanguage":"eu","potentialAction":[{"@type":"ReadAction","target":["https:\/\/glsgernika.es\/"]}]},{"@type":"ImageObject","inLanguage":"eu","@id":"https:\/\/glsgernika.es\/#primaryimage","url":"https:\/\/glsgernika.es\/wp-content\/uploads\/2025\/03\/3imagens.jpeg","contentUrl":"https:\/\/glsgernika.es\/wp-content\/uploads\/2025\/03\/3imagens.jpeg"},{"@type":"BreadcrumbList","@id":"https:\/\/glsgernika.es\/#breadcrumb","itemListElement":[{"@type":"ListItem","position":1,"name":"Portada","item":"https:\/\/glsgernika.es\/"},{"@type":"ListItem","position":2,"name":"Inicio"}]},{"@type":"WebSite","@id":"https:\/\/glsgernika.es\/#website","url":"https:\/\/glsgernika.es\/","name":"GLS GERNIKA","description":"Empresa de mensajer\u00eda a nivel nacional y europeo.","publisher":{"@id":"https:\/\/glsgernika.es\/#organization"},"potentialAction":[{"@type":"SearchAction","target":{"@type":"EntryPoint","urlTemplate":"https:\/\/glsgernika.es\/?s={search_term_string}"},"query-input":{"@type":"PropertyValueSpecification","valueRequired":true,"valueName":"search_term_string"}}],"inLanguage":"eu"},{"@type":"Organization","@id":"https:\/\/glsgernika.es\/#organization","name":"GLS GERNIKA","url":"https:\/\/glsgernika.es\/","logo":{"@type":"ImageObject","inLanguage":"eu","@id":"https:\/\/glsgernika.es\/#\/schema\/logo\/image\/","url":"https:\/\/glsgernika.es\/wp-content\/uploads\/2025\/03\/cropped-00-GLS_Logo_2021-03.png","contentUrl":"https:\/\/glsgernika.es\/wp-content\/uploads\/2025\/03\/cropped-00-GLS_Logo_2021-03.png","width":2560,"height":898,"caption":"GLS GERNIKA"},"image":{"@id":"https:\/\/glsgernika.es\/#\/schema\/logo\/image\/"}}]}},"_links":{"self":[{"href":"https:\/\/glsgernika.es\/eu\/wp-json\/wp\/v2\/pages\/19","targetHints":{"allow":["GET"]}}],"collection":[{"href":"https:\/\/glsgernika.es\/eu\/wp-json\/wp\/v2\/pages"}],"about":[{"href":"https:\/\/glsgernika.es\/eu\/wp-json\/wp\/v2\/types\/page"}],"author":[{"embeddable":true,"href":"https:\/\/glsgernika.es\/eu\/wp-json\/wp\/v2\/users\/1"}],"replies":[{"embeddable":true,"href":"https:\/\/glsgernika.es\/eu\/wp-json\/wp\/v2\/comments?post=19"}],"version-history":[{"count":188,"href":"https:\/\/glsgernika.es\/eu\/wp-json\/wp\/v2\/pages\/19\/revisions"}],"predecessor-version":[{"id":864,"href":"https:\/\/glsgernika.es\/eu\/wp-json\/wp\/v2\/pages\/19\/revisions\/864"}],"wp:attachment":[{"href":"https:\/\/glsgernika.es\/eu\/wp-json\/wp\/v2\/media?parent=19"}],"curies":[{"name":"wp","href":"https:\/\/api.w.org\/{rel}","templated":true}]}}